{"id":3411,"date":"2024-02-05T08:05:31","date_gmt":"2024-02-05T11:05:31","guid":{"rendered":"http:\/\/developmentclients.zenivox.com.br\/?page_id=3411"},"modified":"2024-02-06T13:10:10","modified_gmt":"2024-02-06T16:10:10","slug":"lp-oferta-sarah-astrologa","status":"publish","type":"page","link":"https:\/\/developmentclients.zenivox.com.br\/","title":{"rendered":"LP OFERTA- Sarah Astrologa"},"content":{"rendered":"\t\t<div data-elementor-type=\"wp-page\" data-elementor-id=\"3411\" class=\"elementor elementor-3411\" data-elementor-post-type=\"page\">\n\t\t\t\t\t\t\t<div class=\"elementor-element elementor-element-ca82802 e-flex e-con-boxed e-con e-parent\" data-id=\"ca82802\" data-element_type=\"container\" data-settings=\"{&quot;content_width&quot;:&quot;boxed&quot;}\" data-core-v316-plus=\"true\">\n\t\t\t\t\t<div class=\"e-con-inner\">\n\t\t<div class=\"elementor-element elementor-element-4d22440 e-con-full container-principal e-flex e-con e-child\" data-id=\"4d22440\" data-element_type=\"container\" data-settings=\"{&quot;content_width&quot;:&quot;full&quot;}\">\n\t\t\t\t<div class=\"elementor-element elementor-element-45c7c66 text-title elementor-widget elementor-widget-heading\" data-id=\"45c7c66\" data-element_type=\"widget\" data-widget_type=\"heading.default\">\n\t\t\t\t<div class=\"elementor-widget-container\">\n\t\t\t<style>\/*! elementor - v3.17.0 - 08-11-2023 *\/\n.elementor-heading-title{padding:0;margin:0;line-height:1}.elementor-widget-heading .elementor-heading-title[class*=elementor-size-]>a{color:inherit;font-size:inherit;line-height:inherit}.elementor-widget-heading .elementor-heading-title.elementor-size-small{font-size:15px}.elementor-widget-heading .elementor-heading-title.elementor-size-medium{font-size:19px}.elementor-widget-heading .elementor-heading-title.elementor-size-large{font-size:29px}.elementor-widget-heading .elementor-heading-title.elementor-size-xl{font-size:39px}.elementor-widget-heading .elementor-heading-title.elementor-size-xxl{font-size:59px}<\/style><h2 class=\"elementor-heading-title elementor-size-default\">Bem-vinda(o) \u00e0 Jornada de<br\/>\nTransforma\u00e7\u00e3o com M\u00e3e Sarah Luana!<\/h2>\t\t<\/div>\n\t\t\t\t<\/div>\n\t\t\t\t<div class=\"elementor-element elementor-element-6b2e862 elementor-widget elementor-widget-text-editor\" data-id=\"6b2e862\" data-element_type=\"widget\" data-widget_type=\"text-editor.default\">\n\t\t\t\t<div class=\"elementor-widget-container\">\n\t\t\t<style>\/*! elementor - v3.17.0 - 08-11-2023 *\/\n.elementor-widget-text-editor.elementor-drop-cap-view-stacked .elementor-drop-cap{background-color:#69727d;color:#fff}.elementor-widget-text-editor.elementor-drop-cap-view-framed .elementor-drop-cap{color:#69727d;border:3px solid;background-color:transparent}.elementor-widget-text-editor:not(.elementor-drop-cap-view-default) .elementor-drop-cap{margin-top:8px}.elementor-widget-text-editor:not(.elementor-drop-cap-view-default) .elementor-drop-cap-letter{width:1em;height:1em}.elementor-widget-text-editor .elementor-drop-cap{float:left;text-align:center;line-height:1;font-size:50px}.elementor-widget-text-editor .elementor-drop-cap-letter{display:inline-block}<\/style>\t\t\t\tPreparada para viver uma transforma\u00e7\u00e3o<br\/>\nprofunda em sua vida? <strong>Sou Sarah Luana, sua<br\/>\nguia nesta jornada de autodescoberta e crescimento.<br\/><br\/>\n\nAo longo dos anos, impactei positivamente mais de 600 mil vidas atrav\u00e9s<br\/>\ndo meu trabalho no YouTube.<\/strong> Estou aqui para oferecer orienta\u00e7\u00f5es<br\/>\natrav\u00e9s do Tar\u00f4 e da Mesa Qu\u00e2ntica, al\u00e9m de <strong>realizar os<br\/>\nado\u00e7amentos para melhorar seu relacionamento amoroso.<br\/><br\/>\n\nClique no v\u00eddeo e comece a sua jornada agora!<\/strong>\t\t\t\t\t\t<\/div>\n\t\t\t\t<\/div>\n\t\t\t\t<\/div>\n\t\t\t\t\t<\/div>\n\t\t\t\t<\/div>\n\t\t<div class=\"elementor-element elementor-element-c45d4bd e-con-full container-720p e-flex e-con e-parent\" data-id=\"c45d4bd\" data-element_type=\"container\" id=\"container-720p\" data-settings=\"{&quot;content_width&quot;:&quot;full&quot;}\" data-core-v316-plus=\"true\">\n\t\t<div class=\"elementor-element elementor-element-f834cd2 e-con-full container-yt-720 e-flex e-con e-child\" data-id=\"f834cd2\" data-element_type=\"container\" id=\"container-yt-720\" data-settings=\"{&quot;content_width&quot;:&quot;full&quot;}\">\n\t\t\t\t<div class=\"elementor-element elementor-element-7f04f08 elementor-widget elementor-widget-video\" data-id=\"7f04f08\" data-element_type=\"widget\" data-settings=\"{&quot;youtube_url&quot;:&quot;https:\\\/\\\/www.youtube.com\\\/watch?v=dYzlX3rwHdc&amp;feature=youtu.be&quot;,&quot;video_type&quot;:&quot;youtube&quot;,&quot;controls&quot;:&quot;yes&quot;}\" data-widget_type=\"video.default\">\n\t\t\t\t<div class=\"elementor-widget-container\">\n\t\t\t<style>\/*! elementor - v3.17.0 - 08-11-2023 *\/\n.elementor-widget-video .elementor-widget-container{overflow:hidden;transform:translateZ(0)}.elementor-widget-video .elementor-wrapper{aspect-ratio:var(--video-aspect-ratio)}.elementor-widget-video .elementor-wrapper iframe,.elementor-widget-video .elementor-wrapper video{height:100%;width:100%;display:flex;border:none;background-color:#000}@supports not (aspect-ratio:1\/1){.elementor-widget-video .elementor-wrapper{position:relative;overflow:hidden;height:0;padding-bottom:calc(100% \/ var(--video-aspect-ratio))}.elementor-widget-video .elementor-wrapper iframe,.elementor-widget-video .elementor-wrapper video{position:absolute;top:0;right:0;bottom:0;left:0}}.elementor-widget-video .elementor-open-inline .elementor-custom-embed-image-overlay{position:absolute;top:0;right:0;bottom:0;left:0;background-size:cover;background-position:50%}.elementor-widget-video .elementor-custom-embed-image-overlay{cursor:pointer;text-align:center}.elementor-widget-video .elementor-custom-embed-image-overlay:hover .elementor-custom-embed-play i{opacity:1}.elementor-widget-video .elementor-custom-embed-image-overlay img{display:block;width:100%;aspect-ratio:var(--video-aspect-ratio);-o-object-fit:cover;object-fit:cover;-o-object-position:center center;object-position:center center}@supports not (aspect-ratio:1\/1){.elementor-widget-video .elementor-custom-embed-image-overlay{position:relative;overflow:hidden;height:0;padding-bottom:calc(100% \/ var(--video-aspect-ratio))}.elementor-widget-video .elementor-custom-embed-image-overlay img{position:absolute;top:0;right:0;bottom:0;left:0}}.elementor-widget-video .e-hosted-video .elementor-video{-o-object-fit:cover;object-fit:cover}.e-con-inner>.elementor-widget-video,.e-con>.elementor-widget-video{width:var(--container-widget-width);--flex-grow:var(--container-widget-flex-grow)}<\/style>\t\t<div class=\"elementor-wrapper elementor-open-inline\">\n\t\t\t<div class=\"elementor-video\"><\/div>\t\t<\/div>\n\t\t\t\t<\/div>\n\t\t\t\t<\/div>\n\t\t\t\t<div class=\"elementor-element elementor-element-d8e808b elementor-align-center elementor-widget elementor-widget-button\" data-id=\"d8e808b\" data-element_type=\"widget\" data-widget_type=\"button.default\">\n\t\t\t\t<div class=\"elementor-widget-container\">\n\t\t\t\t\t<div class=\"elementor-button-wrapper\">\n\t\t\t<a class=\"elementor-button elementor-button-link elementor-size-sm elementor-animation-shrink\" href=\"#\">\n\t\t\t\t\t\t<span class=\"elementor-button-content-wrapper\">\n\t\t\t\t\t\t<span class=\"elementor-button-text\">CLIQUE E ENVIE UMA MENSAGEM AGORA<\/span>\n\t\t<\/span>\n\t\t\t\t\t<\/a>\n\t\t<\/div>\n\t\t\t\t<\/div>\n\t\t\t\t<\/div>\n\t\t\t\t<\/div>\n\t\t<div class=\"elementor-element elementor-element-84938a4 e-con-full container-connect-720 e-flex e-con e-child\" data-id=\"84938a4\" data-element_type=\"container\" id=\"container-connect-720\" data-settings=\"{&quot;content_width&quot;:&quot;full&quot;,&quot;background_background&quot;:&quot;classic&quot;}\">\n\t\t\t\t<div class=\"elementor-element elementor-element-add0f3e elementor-widget elementor-widget-text-editor\" data-id=\"add0f3e\" data-element_type=\"widget\" data-widget_type=\"text-editor.default\">\n\t\t\t\t<div class=\"elementor-widget-container\">\n\t\t\t\t\t\t\tConecte-se com M\u00e3e Sarah Luana nas redes sociais:\t\t\t\t\t\t<\/div>\n\t\t\t\t<\/div>\n\t\t\t\t<\/div>\n\t\t<div class=\"elementor-element elementor-element-3101463 e-con-full redes-sociais-720 e-flex e-con e-child\" data-id=\"3101463\" data-element_type=\"container\" id=\"redes-sociais-720\" data-settings=\"{&quot;content_width&quot;:&quot;full&quot;,&quot;background_background&quot;:&quot;classic&quot;}\">\n\t\t\t\t<div class=\"elementor-element elementor-element-c5000ab elementor-widget elementor-widget-text-editor\" data-id=\"c5000ab\" data-element_type=\"widget\" data-widget_type=\"text-editor.default\">\n\t\t\t\t<div class=\"elementor-widget-container\">\n\t\t\t\t\t\t\tInstagram: <a style=\"color: #FFFFFF;\" href=\"https:\/\/www.instagram.com\/sarahluanaoficial\/\" rel=\"noopener\" target=\"_blank\">https:\/\/www.instagram.com\/sarahluanaoficial\/<\/a> <br\/>\nFacebook: <a style=\"color: #FFFFFF;\" href=\"https:\/\/facebook.com\/SarahLuanaTarologaOficial\/\" rel=\"noopener\" target=\"_blank\">https:\/\/facebook.com\/SarahLuanaTarologaOficial\/<\/a> <br\/>\nYouTube: <a style=\"color: #FFFFFF;\" href=\"https:\/\/www.youtube.com\/c\/sarahluanaoficial\" rel=\"noopener\" target=\"_blank\">https:\/\/www.youtube.com\/c\/sarahluanaoficial<\/a><br\/>\nWebsite: <a style=\"color: #FFFFFF;\" href=\"https:\/\/simpatiaetarot.com\/\" rel=\"noopener\" target=\"_blank\">https:\/\/simpatiaetarot.com\/<\/a>\n\n\t\t\t\t\t\t<\/div>\n\t\t\t\t<\/div>\n\t\t\t\t<\/div>\n\t\t\t\t<\/div>\n\t\t<div class=\"elementor-element elementor-element-a3cb7d6 e-con-full container-1080p elementor-hidden-tablet elementor-hidden-mobile e-flex e-con e-parent\" data-id=\"a3cb7d6\" data-element_type=\"container\" data-settings=\"{&quot;content_width&quot;:&quot;full&quot;}\" data-core-v316-plus=\"true\">\n\t\t<div class=\"elementor-element elementor-element-970bff3 e-con-full container-yt-1080 e-flex e-con e-child\" data-id=\"970bff3\" data-element_type=\"container\" data-settings=\"{&quot;content_width&quot;:&quot;full&quot;}\">\n\t\t\t\t<div class=\"elementor-element elementor-element-70e0c28 elementor-widget elementor-widget-video\" data-id=\"70e0c28\" data-element_type=\"widget\" data-settings=\"{&quot;youtube_url&quot;:&quot;https:\\\/\\\/www.youtube.com\\\/watch?v=dYzlX3rwHdc&amp;feature=youtu.be&quot;,&quot;video_type&quot;:&quot;youtube&quot;,&quot;controls&quot;:&quot;yes&quot;}\" data-widget_type=\"video.default\">\n\t\t\t\t<div class=\"elementor-widget-container\">\n\t\t\t\t\t<div class=\"elementor-wrapper elementor-open-inline\">\n\t\t\t<div class=\"elementor-video\"><\/div>\t\t<\/div>\n\t\t\t\t<\/div>\n\t\t\t\t<\/div>\n\t\t\t\t<div class=\"elementor-element elementor-element-f91de43 elementor-align-center elementor-hidden-tablet elementor-hidden-mobile elementor-widget elementor-widget-button\" data-id=\"f91de43\" data-element_type=\"widget\" data-widget_type=\"button.default\">\n\t\t\t\t<div class=\"elementor-widget-container\">\n\t\t\t\t\t<div class=\"elementor-button-wrapper\">\n\t\t\t<a class=\"elementor-button elementor-button-link elementor-size-sm elementor-animation-shrink\" href=\"#\">\n\t\t\t\t\t\t<span class=\"elementor-button-content-wrapper\">\n\t\t\t\t\t\t<span class=\"elementor-button-text\">CLIQUE E ENVIE UMA MENSAGEM AGORA<\/span>\n\t\t<\/span>\n\t\t\t\t\t<\/a>\n\t\t<\/div>\n\t\t\t\t<\/div>\n\t\t\t\t<\/div>\n\t\t\t\t<\/div>\n\t\t<div class=\"elementor-element elementor-element-2402f35 e-con-full container-connect-1080 e-flex e-con e-child\" data-id=\"2402f35\" data-element_type=\"container\" data-settings=\"{&quot;content_width&quot;:&quot;full&quot;,&quot;background_background&quot;:&quot;classic&quot;}\">\n\t\t\t\t<div class=\"elementor-element elementor-element-af26e4e elementor-widget elementor-widget-text-editor\" data-id=\"af26e4e\" data-element_type=\"widget\" data-widget_type=\"text-editor.default\">\n\t\t\t\t<div class=\"elementor-widget-container\">\n\t\t\t\t\t\t\tConecte-se com M\u00e3e Sarah Luana nas redes sociais:\t\t\t\t\t\t<\/div>\n\t\t\t\t<\/div>\n\t\t\t\t<\/div>\n\t\t<div class=\"elementor-element elementor-element-1efd832 e-con-full redes-sociais-1080 e-flex e-con e-child\" data-id=\"1efd832\" data-element_type=\"container\" data-settings=\"{&quot;content_width&quot;:&quot;full&quot;,&quot;background_background&quot;:&quot;classic&quot;}\">\n\t\t\t\t<div class=\"elementor-element elementor-element-b91c4a1 elementor-widget elementor-widget-text-editor\" data-id=\"b91c4a1\" data-element_type=\"widget\" data-widget_type=\"text-editor.default\">\n\t\t\t\t<div class=\"elementor-widget-container\">\n\t\t\t\t\t\t\tInstagram: <a style=\"color: #FFFFFF;\" href=\"https:\/\/www.instagram.com\/sarahluanaoficial\/\" rel=\"noopener\" target=\"_blank\">https:\/\/www.instagram.com\/sarahluanaoficial\/<\/a> <br\/>\nFacebook: <a style=\"color: #FFFFFF;\" href=\"https:\/\/facebook.com\/SarahLuanaTarologaOficial\/\" rel=\"noopener\" target=\"_blank\">https:\/\/facebook.com\/SarahLuanaTarologaOficial\/<\/a> <br\/>\nYouTube: <a style=\"color: #FFFFFF;\" href=\"https:\/\/www.youtube.com\/c\/sarahluanaoficial\" rel=\"noopener\" target=\"_blank\">https:\/\/www.youtube.com\/c\/sarahluanaoficial<\/a><br\/>\nWebsite: <a style=\"color: #FFFFFF;\" href=\"https:\/\/simpatiaetarot.com\/\" rel=\"noopener\" target=\"_blank\">https:\/\/simpatiaetarot.com\/<\/a>\n\n\t\t\t\t\t\t<\/div>\n\t\t\t\t<\/div>\n\t\t\t\t<\/div>\n\t\t\t\t<\/div>\n\t\t\t\t\t\t\t<\/div>\n\t\t","protected":false},"excerpt":{"rendered":"<p>Bem-vinda(o) \u00e0 Jornada de Transforma\u00e7\u00e3o com M\u00e3e Sarah Luana! Preparada para viver uma transforma\u00e7\u00e3o profunda em sua vida? Sou Sarah Luana, sua guia nesta jornada de autodescoberta e crescimento. Ao longo dos anos, impactei positivamente mais de 600 mil vidas atrav\u00e9s do meu trabalho no YouTube. Estou aqui para oferecer orienta\u00e7\u00f5es atrav\u00e9s do Tar\u00f4 e [&hellip;]<\/p>\n","protected":false},"author":5,"featured_media":0,"parent":0,"menu_order":0,"comment_status":"closed","ping_status":"closed","template":"","meta":{"two_page_speed":[],"footnotes":""},"class_list":["post-3411","page","type-page","status-publish","hentry"],"_links":{"self":[{"href":"https:\/\/developmentclients.zenivox.com.br\/index.php\/wp-json\/wp\/v2\/pages\/3411","targetHints":{"allow":["GET"]}}],"collection":[{"href":"https:\/\/developmentclients.zenivox.com.br\/index.php\/wp-json\/wp\/v2\/pages"}],"about":[{"href":"https:\/\/developmentclients.zenivox.com.br\/index.php\/wp-json\/wp\/v2\/types\/page"}],"author":[{"embeddable":true,"href":"https:\/\/developmentclients.zenivox.com.br\/index.php\/wp-json\/wp\/v2\/users\/5"}],"replies":[{"embeddable":true,"href":"https:\/\/developmentclients.zenivox.com.br\/index.php\/wp-json\/wp\/v2\/comments?post=3411"}],"version-history":[{"count":475,"href":"https:\/\/developmentclients.zenivox.com.br\/index.php\/wp-json\/wp\/v2\/pages\/3411\/revisions"}],"predecessor-version":[{"id":3899,"href":"https:\/\/developmentclients.zenivox.com.br\/index.php\/wp-json\/wp\/v2\/pages\/3411\/revisions\/3899"}],"wp:attachment":[{"href":"https:\/\/developmentclients.zenivox.com.br\/index.php\/wp-json\/wp\/v2\/media?parent=3411"}],"curies":[{"name":"wp","href":"https:\/\/api.w.org\/{rel}","templated":true}]}}